{"id":3951,"date":"2021-02-17T09:52:58","date_gmt":"2021-02-17T09:52:58","guid":{"rendered":"http:\/\/pressair.hu\/press-air-kft\/"},"modified":"2021-04-15T08:56:12","modified_gmt":"2021-04-15T08:56:12","slug":"press-air-gmbh","status":"publish","type":"page","link":"https:\/\/pressair.hu\/de\/","title":{"rendered":"Press Air GmbH"},"content":{"rendered":"\n<style type=\"text\/css\" data-created_by=\"avia_inline_auto\" id=\"style-css-av-kl6cjmv4-1f69d1ed7141f2eed1d70f073be46edb\">\n.avia-section.av-kl6cjmv4-1f69d1ed7141f2eed1d70f073be46edb{\nbackground-repeat:no-repeat;\nbackground-image:url(https:\/\/pressair.hu\/wp-content\/uploads\/2021\/02\/pressair-header.jpg);\nbackground-position:0% 0%;\nbackground-attachment:scroll;\n}\n<\/style>\n<div id='av_section_1'  class='avia-section av-kl6cjmv4-1f69d1ed7141f2eed1d70f073be46edb main_color avia-section-default avia-no-border-styling  avia-builder-el-0  el_before_av_section  avia-builder-el-first  page-header oldal av-mini-hide avia-bg-style-scroll av-minimum-height av-minimum-height-35 av-height-percent  container_wrap fullsize'  data-section-bg-repeat='no-repeat' data-av_minimum_height_pc='35' data-av_min_height_opt='percent'><div class='container av-section-cont-open' ><main  role=\"main\" itemprop=\"mainContentOfPage\"  class='template-page content  av-content-full alpha units'><div class='post-entry post-entry-type-page post-entry-3951'><div class='entry-content-wrapper clearfix'>\n\n<style type=\"text\/css\" data-created_by=\"avia_inline_auto\" id=\"style-css-av-knimok6f-333f451fc9b7ad6fda97c0854878366a\">\n#top .av-special-heading.av-knimok6f-333f451fc9b7ad6fda97c0854878366a{\npadding-bottom:10px;\n}\nbody .av-special-heading.av-knimok6f-333f451fc9b7ad6fda97c0854878366a .av-special-heading-tag .heading-char{\nfont-size:25px;\n}\n.av-special-heading.av-knimok6f-333f451fc9b7ad6fda97c0854878366a .av-subheading{\nfont-size:15px;\n}\n<\/style>\n<div  class='av-special-heading av-knimok6f-333f451fc9b7ad6fda97c0854878366a av-special-heading-h1 blockquote modern-quote  avia-builder-el-1  avia-builder-el-no-sibling '><h1 class='av-special-heading-tag '  itemprop=\"headline\"  >Press Air GmbH<\/h1><div class=\"special-heading-border\"><div class=\"special-heading-inner-border\"><\/div><\/div><\/div>\n\n<\/div><\/div><\/main><!-- close content main element --><\/div><\/div>\n<style type=\"text\/css\" data-created_by=\"avia_inline_auto\" id=\"style-css-av-kl6cjmv4-4639715ecfec83789c2664372e1da8ac\">\n.avia-section.av-kl6cjmv4-4639715ecfec83789c2664372e1da8ac{\nbackground-repeat:no-repeat;\nbackground-image:url(https:\/\/pressair.hu\/wp-content\/uploads\/2021\/02\/mobil-header.jpg);\nbackground-position:0% 0%;\nbackground-attachment:scroll;\n}\n<\/style>\n<div id='av_section_2'  class='avia-section av-kl6cjmv4-4639715ecfec83789c2664372e1da8ac main_color avia-section-default avia-no-border-styling  avia-builder-el-2  el_after_av_section  el_before_av_section  page-header oldal av-desktop-hide av-medium-hide av-small-hide avia-full-stretch avia-bg-style-scroll av-minimum-height av-minimum-height-50 av-height-percent  container_wrap fullsize'  data-section-bg-repeat='stretch' data-av_minimum_height_pc='50' data-av_min_height_opt='percent'><div class='container av-section-cont-open' ><div class='template-page content  av-content-full alpha units'><div class='post-entry post-entry-type-page post-entry-3951'><div class='entry-content-wrapper clearfix'>\n\n<style type=\"text\/css\" data-created_by=\"avia_inline_auto\" id=\"style-css-av-knimondk-fd55ddd6b889f6658f092c702b47e521\">\n#top .av-special-heading.av-knimondk-fd55ddd6b889f6658f092c702b47e521{\npadding-bottom:10px;\n}\nbody .av-special-heading.av-knimondk-fd55ddd6b889f6658f092c702b47e521 .av-special-heading-tag .heading-char{\nfont-size:25px;\n}\n.av-special-heading.av-knimondk-fd55ddd6b889f6658f092c702b47e521 .av-subheading{\nfont-size:15px;\n}\n<\/style>\n<div  class='av-special-heading av-knimondk-fd55ddd6b889f6658f092c702b47e521 av-special-heading-h1 blockquote modern-quote  avia-builder-el-3  avia-builder-el-no-sibling '><h1 class='av-special-heading-tag '  itemprop=\"headline\"  >Press Air GmbH<\/h1><div class=\"special-heading-border\"><div class=\"special-heading-inner-border\"><\/div><\/div><\/div>\n\n<\/div><\/div><\/div><!-- close content main div --><\/div><\/div><div id='press-air'  class='avia-section av-1jnkb4-8aea520f1f834eea5146a27f2ac9d8df main_color avia-section-default avia-no-border-styling  avia-builder-el-4  el_after_av_section  avia-builder-el-last  avia-bg-style-scroll container_wrap fullsize'  ><div class='container av-section-cont-open' ><div class='template-page content  av-content-full alpha units'><div class='post-entry post-entry-type-page post-entry-3951'><div class='entry-content-wrapper clearfix'>\n\n<style type=\"text\/css\" data-created_by=\"avia_inline_auto\" id=\"style-css-av-av_heading-904e01d66dd60e4709e51f1a0fef52ba\">\n#top .av-special-heading.av-av_heading-904e01d66dd60e4709e51f1a0fef52ba{\npadding-bottom:10px;\n}\nbody .av-special-heading.av-av_heading-904e01d66dd60e4709e51f1a0fef52ba .av-special-heading-tag .heading-char{\nfont-size:25px;\n}\n.av-special-heading.av-av_heading-904e01d66dd60e4709e51f1a0fef52ba .av-subheading{\nfont-size:15px;\n}\n<\/style>\n<div  class='av-special-heading av-av_heading-904e01d66dd60e4709e51f1a0fef52ba av-special-heading-h2 blockquote modern-quote modern-centered  avia-builder-el-5  el_before_av_hr  avia-builder-el-first '><h2 class='av-special-heading-tag '  itemprop=\"headline\"  >Press Air Kompressoren-Vertriebs und Service GmbH<\/h2><div class=\"special-heading-border\"><div class=\"special-heading-inner-border\"><\/div><\/div><\/div>\n\n<style type=\"text\/css\" data-created_by=\"avia_inline_auto\" id=\"style-css-av-kmncox3y-4c7228feb6e649f4c18c27dce11698cc\">\n#top .hr.hr-invisible.av-kmncox3y-4c7228feb6e649f4c18c27dce11698cc{\nheight:50px;\n}\n<\/style>\n<div  class='hr av-kmncox3y-4c7228feb6e649f4c18c27dce11698cc hr-invisible  avia-builder-el-6  el_after_av_heading  el_before_av_one_half '><span class='hr-inner '><span class=\"hr-inner-style\"><\/span><\/span><\/div>\n\n<style type=\"text\/css\" data-created_by=\"avia_inline_auto\" id=\"style-css-av-28n00-2212ba1bb21b38a5ee199b33a27391e2\">\n.flex_column.av-28n00-2212ba1bb21b38a5ee199b33a27391e2{\nborder-radius:0px 0px 0px 0px;\npadding:0px 0px 0px 0px;\n}\n<\/style>\n<div  class='flex_column av-28n00-2212ba1bb21b38a5ee199b33a27391e2 av_one_half  avia-builder-el-7  el_after_av_hr  el_before_av_one_half  first flex_column_div av-zero-column-padding  '     ><section  class='av_textblock_section av-kl995y15-a731d921e45408e0fb3a6088561e6f2d '   itemscope=\"itemscope\" itemtype=\"https:\/\/schema.org\/CreativeWork\" ><div class='avia_textblock'  itemprop=\"text\" ><p style=\"text-align: justify;\">Die Press Air GmbH wurde 1997 gegr\u00fcndet. Als Kleinunternehmen, von einigen Personen gegr\u00fcndet sind wir dynamisch gewachsen und erreichten das heutige professionelle Format. Als einer der meist erfahrenen Lieferanten in der Druckluftbranche vermarkten wir hochwertige Produkte. Wir planen, setzen diese instand und verwalten Druckluftsysteme landesweit zur betriebssicheren und energieoptimierten Bedienung von \u00fcber 900 zufriedenen Kunden.<\/p>\n<p style=\"text-align: justify;\">Seit der Gr\u00fcndung halten wir uns fern von allen fraglichen L\u00f6sungen \u2013 die die Betriebssicherheit und Energieeffizienz gef\u00e4hrden \u2013 wie auch von unverantwortlichen Versprechen. Unser Selbstvertrauen baut sich auf Fachkenntnis und Zufriedenheit unseren Kunden.<\/p>\n<\/div><\/section><\/div>\n<style type=\"text\/css\" data-created_by=\"avia_inline_auto\" id=\"style-css-av-7cx9c-e156a3487f7bbb8e0e1131d47f189223\">\n.flex_column.av-7cx9c-e156a3487f7bbb8e0e1131d47f189223{\nborder-radius:0px 0px 0px 0px;\npadding:0px 0px 0px 0px;\n}\n<\/style>\n<div  class='flex_column av-7cx9c-e156a3487f7bbb8e0e1131d47f189223 av_one_half  avia-builder-el-9  el_after_av_one_half  el_before_av_hr  flex_column_div av-zero-column-padding  '     ><style type=\"text\/css\" data-created_by=\"avia_inline_auto\" id=\"style-css-av-km67mmwr-a27d989198b0085c8615550d55543cf6\">\n.avia-image-container.av-km67mmwr-a27d989198b0085c8615550d55543cf6 img.avia_image{\nbox-shadow:none;\n}\n.avia-image-container.av-km67mmwr-a27d989198b0085c8615550d55543cf6 .av-image-caption-overlay-center{\ncolor:#ffffff;\n}\n<\/style>\n<div  class='avia-image-container av-km67mmwr-a27d989198b0085c8615550d55543cf6 av-styling- avia-align-center  avia-builder-el-10  avia-builder-el-no-sibling '   itemprop=\"image\" itemscope=\"itemscope\" itemtype=\"https:\/\/schema.org\/ImageObject\" ><div class=\"avia-image-container-inner\"><div class=\"avia-image-overlay-wrap\"><img decoding=\"async\" fetchpriority=\"high\" class='wp-image-290 avia-img-lazy-loading-not-290 avia_image ' src=\"https:\/\/pressair.hu\/wp-content\/uploads\/2021\/02\/pressair-img.jpg\" alt='' title='pressair-img'  height=\"407\" width=\"617\"  itemprop=\"thumbnailUrl\" srcset=\"https:\/\/pressair.hu\/wp-content\/uploads\/2021\/02\/pressair-img.jpg 617w, https:\/\/pressair.hu\/wp-content\/uploads\/2021\/02\/pressair-img-300x198.jpg 300w\" sizes=\"(max-width: 617px) 100vw, 617px\" \/><\/div><\/div><\/div><\/div>\n<style type=\"text\/css\" data-created_by=\"avia_inline_auto\" id=\"style-css-av-kl0ozenp-25cee44b85d79261a4b50f29f843ef1f\">\n#top .hr.av-kl0ozenp-25cee44b85d79261a4b50f29f843ef1f{\nmargin-top:0px;\nmargin-bottom:20px;\n}\n.hr.av-kl0ozenp-25cee44b85d79261a4b50f29f843ef1f .hr-inner{\nwidth:50px;\nborder-color:#24a9e0;\nmax-width:45%;\n}\n.hr.av-kl0ozenp-25cee44b85d79261a4b50f29f843ef1f .av-seperator-icon{\ncolor:#24a9e0;\n}\n.hr.av-kl0ozenp-25cee44b85d79261a4b50f29f843ef1f .av-seperator-icon.avia-svg-icon svg:first-child{\nfill:#24a9e0;\nstroke:#24a9e0;\n}\n<\/style>\n<div  class='hr av-kl0ozenp-25cee44b85d79261a4b50f29f843ef1f hr-custom  avia-builder-el-11  el_after_av_one_half  el_before_av_one_half  hr-center hr-icon-yes'><span class='hr-inner inner-border-av-border-thin'><span class=\"hr-inner-style\"><\/span><\/span><span class='av-seperator-icon avia-iconfont avia-font-entypo-fontello' data-av_icon='\ue898' data-av_iconfont='entypo-fontello' ><\/span><span class='hr-inner inner-border-av-border-thin'><span class=\"hr-inner-style\"><\/span><\/span><\/div>\n<div class='flex_column_table av-kl998f0z-87fb7f92fe831fabeaba0f49ac2469ac sc-av_one_half av-equal-height-column-flextable'>\n<style type=\"text\/css\" data-created_by=\"avia_inline_auto\" id=\"style-css-av-kl998f0z-87fb7f92fe831fabeaba0f49ac2469ac\">\n.flex_column.av-kl998f0z-87fb7f92fe831fabeaba0f49ac2469ac{\nborder-radius:0px 0px 0px 0px;\npadding:0px 0px 0px 0px;\n}\n<\/style>\n<div  class='flex_column av-kl998f0z-87fb7f92fe831fabeaba0f49ac2469ac av_one_half  avia-builder-el-12  el_after_av_hr  el_before_av_one_half  first flex_column_table_cell av-equal-height-column av-align-middle av-zero-column-padding  '     ><section  class='av_textblock_section av-kl997npj-3183a2a02adb56eab20548e97b5271a8 '   itemscope=\"itemscope\" itemtype=\"https:\/\/schema.org\/CreativeWork\" ><div class='avia_textblock'  itemprop=\"text\" ><p style=\"text-align: justify;\">Vertrauen zu uns wird durch innovative und progressive L\u00f6sungen und Wettbewerbsf\u00e4higkeiten von unseren Kunden entgelten. Kontinuierliche Weiterbildung unserer Mitarbeiter, sowie st\u00e4ndige Produktentwicklungen stehen unseren Partnern zur Verf\u00fcgung. Jahrzehntelange Erfahrung im Bereich von Druckluftsystemen unterst\u00fctzt unseren Erfolg.<\/p>\n<p style=\"text-align: justify;\">Im Interesse unserer Kunden erweitern wir die Produktpalette, wobei Produktionsverfahren, Qualit\u00e4tskontrolle, \u00f6konomische Stabilit\u00e4t der Zulieferanten streng untersucht werden. Die Produkte von den von uns vertretenen Produzenten sind weitgehend kompatibel wodurch wir in der Lage sind die besten Systeme mit einem optimalen Preis-Leistungsverh\u00e4ltnis zu erstellen.<\/p>\n<\/div><\/section><\/div><div class='av-flex-placeholder'><\/div>\n<style type=\"text\/css\" data-created_by=\"avia_inline_auto\" id=\"style-css-av-1ac5go-806222338517ebe330696206dad4d3f0\">\n.flex_column.av-1ac5go-806222338517ebe330696206dad4d3f0{\nborder-radius:0px 0px 0px 0px;\npadding:0px 0px 0px 0px;\n}\n<\/style>\n<div  class='flex_column av-1ac5go-806222338517ebe330696206dad4d3f0 av_one_half  avia-builder-el-14  el_after_av_one_half  el_before_av_one_full  flex_column_table_cell av-equal-height-column av-align-middle av-zero-column-padding  '     ><style type=\"text\/css\" data-created_by=\"avia_inline_auto\" id=\"style-css-av-kl999j0i-b84b5e5acb0e5d24e0b2b7b903aab483\">\n.avia-image-container.av-kl999j0i-b84b5e5acb0e5d24e0b2b7b903aab483 img.avia_image{\nbox-shadow:none;\n}\n.avia-image-container.av-kl999j0i-b84b5e5acb0e5d24e0b2b7b903aab483 .av-image-caption-overlay-center{\ncolor:#ffffff;\n}\n<\/style>\n<div  class='avia-image-container av-kl999j0i-b84b5e5acb0e5d24e0b2b7b903aab483 av-styling- avia-align-center  avia-builder-el-15  avia-builder-el-no-sibling '   itemprop=\"image\" itemscope=\"itemscope\" itemtype=\"https:\/\/schema.org\/ImageObject\" ><div class=\"avia-image-container-inner\"><div class=\"avia-image-overlay-wrap\"><img decoding=\"async\" fetchpriority=\"high\" class='wp-image-293 avia-img-lazy-loading-not-293 avia_image ' src=\"https:\/\/pressair.hu\/wp-content\/uploads\/2021\/02\/szekhely.jpg\" alt='' title='szekhely'  height=\"407\" width=\"617\"  itemprop=\"thumbnailUrl\" srcset=\"https:\/\/pressair.hu\/wp-content\/uploads\/2021\/02\/szekhely.jpg 617w, https:\/\/pressair.hu\/wp-content\/uploads\/2021\/02\/szekhely-300x198.jpg 300w\" sizes=\"(max-width: 617px) 100vw, 617px\" \/><\/div><\/div><\/div><\/div><\/div><!--close column table wrapper. Autoclose: 1 --><div class='flex_column_table av-kl998f0z-87fb7f92fe831fabeaba0f49ac2469ac sc-av_one_full av-equal-height-column-flextable'>\n<style type=\"text\/css\" data-created_by=\"avia_inline_auto\" id=\"style-css-av-kl998f0z-87fb7f92fe831fabeaba0f49ac2469ac\">\n.flex_column.av-kl998f0z-87fb7f92fe831fabeaba0f49ac2469ac{\nborder-radius:0px 0px 0px 0px;\npadding:0px 0px 0px 0px;\n}\n<\/style>\n<div  class='flex_column av-kl998f0z-87fb7f92fe831fabeaba0f49ac2469ac av_one_full  avia-builder-el-16  el_after_av_one_half  el_before_av_one_half  first flex_column_table_cell av-equal-height-column av-align-middle av-zero-column-padding  column-top-margin'     ><section  class='av_textblock_section av-kl997npj-3183a2a02adb56eab20548e97b5271a8 '   itemscope=\"itemscope\" itemtype=\"https:\/\/schema.org\/CreativeWork\" ><div class='avia_textblock'  itemprop=\"text\" ><p style=\"text-align: justify;\">Unsere Kunden wissen aus Erfahrung, dass ein ma\u00dfgeschneidertes Druckluftsystem und dessen \u00f6konomische Instandhaltung nur in enger vertrauensvoller Zusammenarbeit geschaffen werden kann. Solch eine Zusammenarbeit sichert die Grundlage zur gew\u00fcnschten Ver\u00e4nderungen der Produktionstechnologie. S\u00e4mtliche gesetzlichen Forderungen und Kundenw\u00fcnsche werden flexibel und schnell umgesetzt.<\/p>\n<p style=\"text-align: justify;\">Zeitgem\u00e4\u00df arbeiten wir im Sinne der strengsten Arbeitssicherheits-, Qualit\u00e4ts- und Umweltnormen. Das Ungarische Steueramt qualifiziert uns als \u201eSchuldenfreier Steuerzahler\u201d.<\/p>\n<\/div><\/section><\/div><\/div><!--close column table wrapper. Autoclose: 1 --><div class='flex_column_table av-kl998f0z-87fb7f92fe831fabeaba0f49ac2469ac sc-av_one_half av-equal-height-column-flextable'>\n<style type=\"text\/css\" data-created_by=\"avia_inline_auto\" id=\"style-css-av-kl998f0z-87fb7f92fe831fabeaba0f49ac2469ac\">\n.flex_column.av-kl998f0z-87fb7f92fe831fabeaba0f49ac2469ac{\nborder-radius:0px 0px 0px 0px;\npadding:0px 0px 0px 0px;\n}\n<\/style>\n<div  class='flex_column av-kl998f0z-87fb7f92fe831fabeaba0f49ac2469ac av_one_half  avia-builder-el-18  el_after_av_one_full  el_before_av_one_half  first flex_column_table_cell av-equal-height-column av-align-middle av-zero-column-padding  column-top-margin'     ><section  class='av_textblock_section av-kl997npj-3183a2a02adb56eab20548e97b5271a8 '   itemscope=\"itemscope\" itemtype=\"https:\/\/schema.org\/CreativeWork\" ><div class='avia_textblock'  itemprop=\"text\" ><p>Unsere Wettbewerbsf\u00e4higkeit wird durch unsere bekannte Flexibilit\u00e4t, technische- und infrastrukturelle M\u00f6glichkeiten gef\u00f6rdert. Auch Tagesarbeiten werden bei uns langfristig, strategische geplant. Wir sind stehts f\u00fcr unsere Kunden ein erreichbarer Partner mit einem dynamischen Wachstum und mit den Tugenden eines Klein-Mittelunternehmens.<\/p>\n<p style=\"text-align: justify;\">Uns ist bewusst, dass Unternehmen einen zuverl\u00e4ssigen Partner, der schnelle und hochwertige Bedienung leistet brauchen, weil Wettbewerbsf\u00e4higkeit ihrer Produkten im gro\u00dfen Umfang von Qualit\u00e4t und Effizienz unseres Kundendienstes abh\u00e4ngen.<\/p>\n<p style=\"text-align: justify;\">Zahlen zeigen die Wahrheit. Unser Kundenkreis, der unsere Produkte und Dienste mit Zufriedenheit beurteilt w\u00e4chst st\u00e4ndig. Wir sind bereit mit unseren top aktuellen L\u00f6sungen auch Sie zu unterst\u00fctzen in der Wahrnehmung ihrer ambitionierten Ziele.<\/p>\n<\/div><\/section><\/div><div class='av-flex-placeholder'><\/div>\n<style type=\"text\/css\" data-created_by=\"avia_inline_auto\" id=\"style-css-av-1ac5go-806222338517ebe330696206dad4d3f0\">\n.flex_column.av-1ac5go-806222338517ebe330696206dad4d3f0{\nborder-radius:0px 0px 0px 0px;\npadding:0px 0px 0px 0px;\n}\n<\/style>\n<div  class='flex_column av-1ac5go-806222338517ebe330696206dad4d3f0 av_one_half  avia-builder-el-20  el_after_av_one_half  avia-builder-el-last  flex_column_table_cell av-equal-height-column av-align-middle av-zero-column-padding  column-top-margin'     ><style type=\"text\/css\" data-created_by=\"avia_inline_auto\" id=\"style-css-av-kl999j0i-c19034fe7af1c13f674663480e53d9fd\">\n.avia-image-container.av-kl999j0i-c19034fe7af1c13f674663480e53d9fd img.avia_image{\nbox-shadow:none;\n}\n.avia-image-container.av-kl999j0i-c19034fe7af1c13f674663480e53d9fd .av-image-caption-overlay-center{\ncolor:#ffffff;\n}\n<\/style>\n<div  class='avia-image-container av-kl999j0i-c19034fe7af1c13f674663480e53d9fd av-styling- avia-align-center  avia-builder-el-21  avia-builder-el-no-sibling '   itemprop=\"image\" itemscope=\"itemscope\" itemtype=\"https:\/\/schema.org\/ImageObject\" ><div class=\"avia-image-container-inner\"><div class=\"avia-image-overlay-wrap\"><img decoding=\"async\" fetchpriority=\"high\" class='wp-image-3964 avia-img-lazy-loading-not-3964 avia_image ' src=\"https:\/\/pressair.hu\/wp-content\/uploads\/2021\/04\/szerviz02-2.jpg\" alt='szerviz' title=''  height=\"684\" width=\"1024\"  itemprop=\"thumbnailUrl\" srcset=\"https:\/\/pressair.hu\/wp-content\/uploads\/2021\/04\/szerviz02-2.jpg 1024w, https:\/\/pressair.hu\/wp-content\/uploads\/2021\/04\/szerviz02-2-300x200.jpg 300w, https:\/\/pressair.hu\/wp-content\/uploads\/2021\/04\/szerviz02-2-768x513.jpg 768w, https:\/\/pressair.hu\/wp-content\/uploads\/2021\/04\/szerviz02-2-705x471.jpg 705w\" sizes=\"(max-width: 1024px) 100vw, 1024px\" \/><\/div><\/div><\/div><\/div><\/div><!--close column table wrapper. Autoclose: 1 -->\n","protected":false},"excerpt":{"rendered":"","protected":false},"author":2,"featured_media":0,"parent":0,"menu_order":0,"comment_status":"closed","ping_status":"closed","template":"","meta":{"footnotes":""},"class_list":["post-3951","page","type-page","status-publish","hentry"],"yoast_head":"<!-- This site is optimized with the Yoast SEO plugin v27.4 - https:\/\/yoast.com\/product\/yoast-seo-wordpress\/ -->\n<title>Press Air GmbH - Pressair<\/title>\n<meta name=\"description\" content=\"A Press Air Kft m\u0171k\u00f6d\u00e9se 1997-ben kezd\u0151d\u00f6tt. N\u00e9h\u00e1ny f\u0151s l\u00e9tsz\u00e1m\u00fa csal\u00e1di v\u00e1llalkoz\u00e1sb\u00f3l dinamikus \u00fctem\u0171 n\u00f6veked\u00e9ssel \u00e9rte el mai professzion\u00e1lis form\u00e1j\u00e1t.\" \/>\n<meta name=\"robots\" content=\"index, follow, max-snippet:-1, max-image-preview:large, max-video-preview:-1\" \/>\n<link rel=\"canonical\" href=\"https:\/\/pressair.hu\/press-air-kft\/\" \/>\n<meta property=\"og:locale\" content=\"de_DE\" \/>\n<meta property=\"og:type\" content=\"article\" \/>\n<meta property=\"og:title\" content=\"Pressair\" \/>\n<meta property=\"og:description\" content=\"A Press Air Kft m\u0171k\u00f6d\u00e9se 1997-ben kezd\u0151d\u00f6tt. N\u00e9h\u00e1ny f\u0151s l\u00e9tsz\u00e1m\u00fa csal\u00e1di v\u00e1llalkoz\u00e1sb\u00f3l dinamikus \u00fctem\u0171 n\u00f6veked\u00e9ssel \u00e9rte el mai professzion\u00e1lis form\u00e1j\u00e1t.\" \/>\n<meta property=\"og:url\" content=\"https:\/\/pressair.hu\/press-air-kft\/\" \/>\n<meta property=\"og:site_name\" content=\"Pressair\" \/>\n<meta property=\"article:modified_time\" content=\"2021-04-15T08:56:12+00:00\" \/>\n<meta property=\"og:image\" content=\"https:\/\/pressair.hu\/wp-content\/uploads\/2021\/02\/facebook-1.png\" \/>\n\t<meta property=\"og:image:width\" content=\"1200\" \/>\n\t<meta property=\"og:image:height\" content=\"628\" \/>\n\t<meta property=\"og:image:type\" content=\"image\/png\" \/>\n<meta name=\"twitter:card\" content=\"summary_large_image\" \/>\n<meta name=\"twitter:label1\" content=\"Gesch\u00e4tzte Lesezeit\" \/>\n\t<meta name=\"twitter:data1\" content=\"5\u00a0Minuten\" \/>\n<script type=\"application\/ld+json\" class=\"yoast-schema-graph\">{\"@context\":\"https:\\\/\\\/schema.org\",\"@graph\":[{\"@type\":\"WebPage\",\"@id\":\"https:\\\/\\\/pressair.hu\\\/press-air-kft\\\/\",\"url\":\"https:\\\/\\\/pressair.hu\\\/press-air-kft\\\/\",\"name\":\"Press Air GmbH - Pressair\",\"isPartOf\":{\"@id\":\"https:\\\/\\\/pressair.hu\\\/#website\"},\"datePublished\":\"2021-02-17T09:52:58+00:00\",\"dateModified\":\"2021-04-15T08:56:12+00:00\",\"description\":\"A Press Air Kft m\u0171k\u00f6d\u00e9se 1997-ben kezd\u0151d\u00f6tt. N\u00e9h\u00e1ny f\u0151s l\u00e9tsz\u00e1m\u00fa csal\u00e1di v\u00e1llalkoz\u00e1sb\u00f3l dinamikus \u00fctem\u0171 n\u00f6veked\u00e9ssel \u00e9rte el mai professzion\u00e1lis form\u00e1j\u00e1t.\",\"inLanguage\":\"de\",\"potentialAction\":[{\"@type\":\"ReadAction\",\"target\":[\"https:\\\/\\\/pressair.hu\\\/press-air-kft\\\/\"]}]},{\"@type\":\"WebSite\",\"@id\":\"https:\\\/\\\/pressair.hu\\\/#website\",\"url\":\"https:\\\/\\\/pressair.hu\\\/\",\"name\":\"Pressair - S\u0171r\u00edtett leveg\u0151s megold\u00e1sok\",\"description\":\"S\u0171r\u00edtett Leveg\u0151 Technika\",\"potentialAction\":[{\"@type\":\"SearchAction\",\"target\":{\"@type\":\"EntryPoint\",\"urlTemplate\":\"https:\\\/\\\/pressair.hu\\\/?s={search_term_string}\"},\"query-input\":{\"@type\":\"PropertyValueSpecification\",\"valueRequired\":true,\"valueName\":\"search_term_string\"}}],\"inLanguage\":\"de\"}]}<\/script>\n<!-- \/ Yoast SEO plugin. -->","yoast_head_json":{"title":"Press Air GmbH - Pressair","description":"A Press Air Kft m\u0171k\u00f6d\u00e9se 1997-ben kezd\u0151d\u00f6tt. N\u00e9h\u00e1ny f\u0151s l\u00e9tsz\u00e1m\u00fa csal\u00e1di v\u00e1llalkoz\u00e1sb\u00f3l dinamikus \u00fctem\u0171 n\u00f6veked\u00e9ssel \u00e9rte el mai professzion\u00e1lis form\u00e1j\u00e1t.","robots":{"index":"index","follow":"follow","max-snippet":"max-snippet:-1","max-image-preview":"max-image-preview:large","max-video-preview":"max-video-preview:-1"},"canonical":"https:\/\/pressair.hu\/press-air-kft\/","og_locale":"de_DE","og_type":"article","og_title":"Pressair","og_description":"A Press Air Kft m\u0171k\u00f6d\u00e9se 1997-ben kezd\u0151d\u00f6tt. N\u00e9h\u00e1ny f\u0151s l\u00e9tsz\u00e1m\u00fa csal\u00e1di v\u00e1llalkoz\u00e1sb\u00f3l dinamikus \u00fctem\u0171 n\u00f6veked\u00e9ssel \u00e9rte el mai professzion\u00e1lis form\u00e1j\u00e1t.","og_url":"https:\/\/pressair.hu\/press-air-kft\/","og_site_name":"Pressair","article_modified_time":"2021-04-15T08:56:12+00:00","og_image":[{"width":1200,"height":628,"url":"https:\/\/pressair.hu\/wp-content\/uploads\/2021\/02\/facebook-1.png","type":"image\/png"}],"twitter_card":"summary_large_image","twitter_misc":{"Gesch\u00e4tzte Lesezeit":"5\u00a0Minuten"},"schema":{"@context":"https:\/\/schema.org","@graph":[{"@type":"WebPage","@id":"https:\/\/pressair.hu\/press-air-kft\/","url":"https:\/\/pressair.hu\/press-air-kft\/","name":"Press Air GmbH - Pressair","isPartOf":{"@id":"https:\/\/pressair.hu\/#website"},"datePublished":"2021-02-17T09:52:58+00:00","dateModified":"2021-04-15T08:56:12+00:00","description":"A Press Air Kft m\u0171k\u00f6d\u00e9se 1997-ben kezd\u0151d\u00f6tt. N\u00e9h\u00e1ny f\u0151s l\u00e9tsz\u00e1m\u00fa csal\u00e1di v\u00e1llalkoz\u00e1sb\u00f3l dinamikus \u00fctem\u0171 n\u00f6veked\u00e9ssel \u00e9rte el mai professzion\u00e1lis form\u00e1j\u00e1t.","inLanguage":"de","potentialAction":[{"@type":"ReadAction","target":["https:\/\/pressair.hu\/press-air-kft\/"]}]},{"@type":"WebSite","@id":"https:\/\/pressair.hu\/#website","url":"https:\/\/pressair.hu\/","name":"Pressair - S\u0171r\u00edtett leveg\u0151s megold\u00e1sok","description":"S\u0171r\u00edtett Leveg\u0151 Technika","potentialAction":[{"@type":"SearchAction","target":{"@type":"EntryPoint","urlTemplate":"https:\/\/pressair.hu\/?s={search_term_string}"},"query-input":{"@type":"PropertyValueSpecification","valueRequired":true,"valueName":"search_term_string"}}],"inLanguage":"de"}]}},"_links":{"self":[{"href":"https:\/\/pressair.hu\/de\/wp-json\/wp\/v2\/pages\/3951","targetHints":{"allow":["GET"]}}],"collection":[{"href":"https:\/\/pressair.hu\/de\/wp-json\/wp\/v2\/pages"}],"about":[{"href":"https:\/\/pressair.hu\/de\/wp-json\/wp\/v2\/types\/page"}],"author":[{"embeddable":true,"href":"https:\/\/pressair.hu\/de\/wp-json\/wp\/v2\/users\/2"}],"replies":[{"embeddable":true,"href":"https:\/\/pressair.hu\/de\/wp-json\/wp\/v2\/comments?post=3951"}],"version-history":[{"count":0,"href":"https:\/\/pressair.hu\/de\/wp-json\/wp\/v2\/pages\/3951\/revisions"}],"wp:attachment":[{"href":"https:\/\/pressair.hu\/de\/wp-json\/wp\/v2\/media?parent=3951"}],"curies":[{"name":"wp","href":"https:\/\/api.w.org\/{rel}","templated":true}]}}